{"id":52,"date":"2019-08-18T07:25:33","date_gmt":"2019-08-18T07:25:33","guid":{"rendered":"http:\/\/www.bazenradotin.cz\/?page_id=52"},"modified":"2019-10-07T11:44:46","modified_gmt":"2019-10-07T11:44:46","slug":"caste-dotazy","status":"publish","type":"page","link":"https:\/\/www.bazenradotin.cz\/index.php\/caste-dotazy\/","title":{"rendered":"\u010dast\u00e9 dotazy"},"content":{"rendered":"\n<p><strong>JAK SE K N\u00c1M DOSTANETE?<\/strong>  <\/p>\n\n\n\n<p> Pokud se chyst\u00e1te p\u0159ijet k baz\u00e9nu autem, lze zaparkovat p\u0159\u00edmo u baz\u00e9nu na parkovi\u0161ti. 1,5 hod parkov\u00e1n\u00ed zdarma, ka\u017ed\u00e1 dal\u0161\u00ed hodina 20,-K\u010d, maxim\u00e1ln\u00ed \u010d\u00e1stka za cel\u00fd den je 80,-K\u010d. V p\u0159\u00edpad\u011b cesty MHD m\u016f\u017eete jet ze Sm\u00edchovsk\u00e9ho n\u00e1dra\u017e\u00ed autobusem \u010d. 244 do zast\u00e1vky Ot\u00ednsk\u00e1 nebo vlakem ze stanice Praha-Hlavn\u00ed n\u00e1dr\u00e1\u017e\u00ed, Praha-Sm\u00edchov do zast\u00e1vky Praha-Radot\u00edn. Vzd\u00e1lenost ze zast\u00e1vek je 10 minut ch\u016fze.<\/p>\n\n\n\n<p><strong>LZE PLATIT KARTOU?<\/strong><\/p>\n\n\n\n<p> Ano, v baz\u00e9nu lze platit platebn\u00ed kartou.<\/p>\n\n\n\n<p><strong>P\u0158IJ\u00cdM\u00c1TE MULTISPORT KARTY? <\/strong>                                                                                                                                                      <\/p>\n\n\n\n<p>Ano p\u0159ij\u00edm\u00e1me, na MultiSport kartu je mo\u017en\u00e9 vstup pouze na 1 hodinu. <\/p>\n\n\n\n<p><strong>JAK\u00c9 KURZY PLAV\u00c1N\u00cd NAB\u00cdZ\u00cdTE?<\/strong>                                                                                                                                                     <\/p>\n\n\n\n<p>Ve\u0161kerou plaveckou v\u00fduku vede plaveck\u00e1 \u0161kola <a aria-label=\"Betynka (otev\u0159e se na nov\u00e9 z\u00e1lo\u017ece)\" href=\"http:\/\/www.betynka.cz\" target=\"_blank\" rel=\"noreferrer noopener\">Betynka<\/a>  (betynka@betynka.cz ), nab\u00eddka kurz\u016f je k dispozici po zad\u00e1n\u00ed m\u00edsta v\u00fduky <a href=\"https:\/\/betynka.webooker.eu\/Courses?semesterID=21442\">zde.<\/a><\/p>\n\n\n\n<p><strong>PRO\u010c D\u011aTI DO 1 ROKU NEMAJ\u00cd P\u0158\u00cdSTUP DO BAZ\u00c9NU?<\/strong>                                                                                                                  <\/p>\n\n\n\n<p>Dle platn\u00e9 vyhl\u00e1\u0161ky Ministerstva zdravotnictv\u00ed \u010d. 238\/2011 d\u011bti do 1 roku nemaj\u00ed p\u0159\u00edstup do \u017e\u00e1dn\u00e9ho ve\u0159ejn\u00e9ho baz\u00e9nu v \u010cesk\u00e9 republice. Hygienick\u00e9 normy, v\u010detn\u011b obsahu chl\u00f3ru ve vod\u011b jsou daleko p\u0159\u00edsn\u011bj\u0161\u00ed pro plav\u00e1n\u00ed nejmen\u0161\u00edch na rozd\u00edl od plav\u00e1n\u00ed v baz\u00e9nech ur\u010den\u00fdch pro \u0161irokou ve\u0159ejnost, tud\u00ed\u017e d\u011bti do 1 roku maj\u00ed vstup do baz\u00e9nu zak\u00e1z\u00e1n. <\/p>\n\n\n\n<p>  <\/p>\n\n\n\n<h2><\/h2>\n\n\n\n<p><\/p>\n\n\n\n<p><\/p>\n","protected":false},"excerpt":{"rendered":"<p>JAK SE K N\u00c1M DOSTANETE? Pokud se chyst\u00e1te p\u0159ijet k baz\u00e9nu autem, lze zaparkovat p\u0159\u00edmo u baz\u00e9nu na parkovi\u0161ti. 1,5 hod parkov\u00e1n\u00ed zdarma, ka\u017ed\u00e1 dal\u0161\u00ed hodina 20,-K\u010d, maxim\u00e1ln\u00ed \u010d\u00e1stka za cel\u00fd den je 80,-K\u010d. V p\u0159\u00edpad\u011b cesty MHD m\u016f\u017eete jet ze Sm\u00edchovsk\u00e9ho n\u00e1dra\u017e\u00ed autobusem \u010d. 244 do zast\u00e1vky Ot\u00ednsk\u00e1 nebo vlakem ze stanice Praha-Hlavn\u00ed n\u00e1dr\u00e1\u017e\u00ed, Praha-Sm\u00edchov do zast\u00e1vky Praha-Radot\u00edn. Vzd\u00e1lenost<\/p>\n","protected":false},"author":1,"featured_media":0,"parent":0,"menu_order":0,"comment_status":"closed","ping_status":"closed","template":"","meta":[],"_links":{"self":[{"href":"https:\/\/www.bazenradotin.cz\/index.php\/wp-json\/wp\/v2\/pages\/52"}],"collection":[{"href":"https:\/\/www.bazenradotin.cz\/index.php\/wp-json\/wp\/v2\/pages"}],"about":[{"href":"https:\/\/www.bazenradotin.cz\/index.php\/wp-json\/wp\/v2\/types\/page"}],"author":[{"embeddable":true,"href":"https:\/\/www.bazenradotin.cz\/index.php\/wp-json\/wp\/v2\/users\/1"}],"replies":[{"embeddable":true,"href":"https:\/\/www.bazenradotin.cz\/index.php\/wp-json\/wp\/v2\/comments?post=52"}],"version-history":[{"count":7,"href":"https:\/\/www.bazenradotin.cz\/index.php\/wp-json\/wp\/v2\/pages\/52\/revisions"}],"predecessor-version":[{"id":139,"href":"https:\/\/www.bazenradotin.cz\/index.php\/wp-json\/wp\/v2\/pages\/52\/revisions\/139"}],"wp:attachment":[{"href":"https:\/\/www.bazenradotin.cz\/index.php\/wp-json\/wp\/v2\/media?parent=52"}],"curies":[{"name":"wp","href":"https:\/\/api.w.org\/{rel}","templated":true}]}}