{"id":56,"date":"2019-08-18T07:26:45","date_gmt":"2019-08-18T07:26:45","guid":{"rendered":"http:\/\/www.bazenradotin.cz\/?page_id=56"},"modified":"2019-10-19T15:14:29","modified_gmt":"2019-10-19T15:14:29","slug":"parkovani","status":"publish","type":"page","link":"https:\/\/www.bazenradotin.cz\/index.php\/parkovani\/","title":{"rendered":"PARKOV\u00c1N\u00cd"},"content":{"rendered":"\n<p>Na placen\u00e9m parkovi\u0161ti p\u0159\u00edmo u baz\u00e9nu je 55 m\u00edst. Vyu\u017e\u00edt m\u016f\u017eete i bezplatn\u00e9 parkovac\u00ed plochy v bl\u00edzk\u00e9m okol\u00ed.<\/p>\n\n\n\n<p>Cen\u00edk: 1,5 hodina zdarma<\/p>\n\n\n\n<p>Ka\u017ed\u00e1 dal\u0161\u00ed hodina 20,-<\/p>\n\n\n\n<p>Denn\u00ed maximum 80,-<\/p>\n\n\n\n<p><\/p>\n\n\n\n<h4><\/h4>\n\n\n\n<h4>BEZPLATN\u00c9 PARKOVI\u0160T\u011a \u2014 BISTRO U OND\u0158EJE<\/h4>\n\n\n\n<p>kapacita: 65 parkovac\u00edch m\u00edst | vzd\u00e1lenost k Biotopu: 650 m | p\u011b\u0161\u00ed ch\u016fz\u00ed: 9 minut<br>adresa: V\u00fdpadov\u00e1 582\/2 | GPS 49\u00b058&#8217;56.848&#8243;N 14\u00b021&#8217;51.062&#8243;E<br><\/p>\n\n\n\n<h4>BEZPLATN\u00c9 PARKOVI\u0160T\u011a \u2014 SPORTOVN\u00cd HALA<\/h4>\n\n\n\n<p>kapacita: 55 parkovac\u00edch m\u00edst | vzd\u00e1lenost k Biotopu:&nbsp;350 m | p\u011b\u0161\u00ed ch\u016fz\u00ed:&nbsp;5 minut<br>adresa: U Star\u00e9ho stadionu 1585\/9 | GPS 49\u00b058&#8217;52.599&#8243;N 14\u00b021&#8217;26.061&#8243;E<\/p>\n\n\n\n\n\n\n\n<h4><strong>BEZPLATN\u00c9 PARKOVI\u0160T\u011a&nbsp;v ul.&nbsp;KE ZD\u011a\u0158I\/STADI\u00d3NOV\u00c1&nbsp;<\/strong><\/h4>\n\n\n\n<p>kapacita 60 m\u00edst \/ vzd\u00e1lenost k Biotopu 150m \/ p\u011b\u0161\u00ed ch\u016fz\u00ed&nbsp;2 minuty<\/p>\n\n\n\n<p>adresa: Ke Zd\u011b\u0159i\/Stadi\u00f3nov\u00e1 \/ GPS 49\u00b058\u00b452.599&#8243;N 14\u00b021\u00b426.061&#8243;E<\/p>\n\n\n\n<figure class=\"wp-block-image\"><a href=\"http:\/\/biotopradotin.cz\/wp-content\/uploads\/2015\/01\/33361534_1183357935139157_3358174343933722624_n.jpg\"><img src=\"http:\/\/biotopradotin.cz\/wp-content\/uploads\/2015\/01\/33361534_1183357935139157_3358174343933722624_n-300x225.jpg\" alt=\"\" class=\"wp-image-702\"\/><\/a><\/figure>\n","protected":false},"excerpt":{"rendered":"<p>Na placen\u00e9m parkovi\u0161ti p\u0159\u00edmo u baz\u00e9nu je 55 m\u00edst. Vyu\u017e\u00edt m\u016f\u017eete i bezplatn\u00e9 parkovac\u00ed plochy v bl\u00edzk\u00e9m okol\u00ed. Cen\u00edk: 1,5 hodina zdarma Ka\u017ed\u00e1 dal\u0161\u00ed hodina 20,- Denn\u00ed maximum 80,- BEZPLATN\u00c9 PARKOVI\u0160T\u011a \u2014 BISTRO U OND\u0158EJE kapacita: 65 parkovac\u00edch m\u00edst | vzd\u00e1lenost k Biotopu: 650 m | p\u011b\u0161\u00ed ch\u016fz\u00ed: 9 minutadresa: V\u00fdpadov\u00e1 582\/2 | GPS 49\u00b058&#8217;56.848&#8243;N 14\u00b021&#8217;51.062&#8243;E BEZPLATN\u00c9 PARKOVI\u0160T\u011a \u2014 SPORTOVN\u00cd<\/p>\n","protected":false},"author":1,"featured_media":0,"parent":0,"menu_order":0,"comment_status":"closed","ping_status":"closed","template":"","meta":[],"_links":{"self":[{"href":"https:\/\/www.bazenradotin.cz\/index.php\/wp-json\/wp\/v2\/pages\/56"}],"collection":[{"href":"https:\/\/www.bazenradotin.cz\/index.php\/wp-json\/wp\/v2\/pages"}],"about":[{"href":"https:\/\/www.bazenradotin.cz\/index.php\/wp-json\/wp\/v2\/types\/page"}],"author":[{"embeddable":true,"href":"https:\/\/www.bazenradotin.cz\/index.php\/wp-json\/wp\/v2\/users\/1"}],"replies":[{"embeddable":true,"href":"https:\/\/www.bazenradotin.cz\/index.php\/wp-json\/wp\/v2\/comments?post=56"}],"version-history":[{"count":3,"href":"https:\/\/www.bazenradotin.cz\/index.php\/wp-json\/wp\/v2\/pages\/56\/revisions"}],"predecessor-version":[{"id":155,"href":"https:\/\/www.bazenradotin.cz\/index.php\/wp-json\/wp\/v2\/pages\/56\/revisions\/155"}],"wp:attachment":[{"href":"https:\/\/www.bazenradotin.cz\/index.php\/wp-json\/wp\/v2\/media?parent=56"}],"curies":[{"name":"wp","href":"https:\/\/api.w.org\/{rel}","templated":true}]}}