{"id":64,"date":"2019-08-18T07:30:55","date_gmt":"2019-08-18T07:30:55","guid":{"rendered":"http:\/\/www.bazenradotin.cz\/?page_id=64"},"modified":"2025-11-12T14:07:53","modified_gmt":"2025-11-12T14:07:53","slug":"cenik","status":"publish","type":"page","link":"https:\/\/www.bazenradotin.cz\/index.php\/cenik\/","title":{"rendered":"CEN\u00cdK"},"content":{"rendered":"\n<figure class=\"wp-container-2 wp-block-gallery-1 wp-block-gallery has-nested-images columns-default is-cropped\">\n<figure class=\"wp-block-image size-large\"><img loading=\"lazy\" width=\"1024\" height=\"785\" data-id=\"762\"  src=\"https:\/\/www.bazenradotin.cz\/wp-content\/uploads\/2025\/11\/Cenik-2025-1024x785.png\" alt=\"\" class=\"wp-image-762\" srcset=\"https:\/\/www.bazenradotin.cz\/wp-content\/uploads\/2025\/11\/Cenik-2025-1024x785.png 1024w, https:\/\/www.bazenradotin.cz\/wp-content\/uploads\/2025\/11\/Cenik-2025-300x230.png 300w, https:\/\/www.bazenradotin.cz\/wp-content\/uploads\/2025\/11\/Cenik-2025-768x589.png 768w, https:\/\/www.bazenradotin.cz\/wp-content\/uploads\/2025\/11\/Cenik-2025-1536x1178.png 1536w, https:\/\/www.bazenradotin.cz\/wp-content\/uploads\/2025\/11\/Cenik-2025-2048x1570.png 2048w\" sizes=\"(max-width: 1024px) 100vw, 1024px\" \/><\/figure>\n<\/figure>\n\n\n\n<p>Platnost permanentky je 2 roky od posledn\u00edho nabit\u00ed.<\/p>\n\n\n\n<p>P\u0159i p\u0159ekro\u010den\u00ed d\u00e9lky zakoupen\u00e9ho vstupu \u00fa\u010dtujeme 2K\u010d za ka\u017edou zapo\u010datou minutu. <\/p>\n","protected":false},"excerpt":{"rendered":"<p>Platnost permanentky je 2 roky od posledn\u00edho nabit\u00ed. P\u0159i p\u0159ekro\u010den\u00ed d\u00e9lky zakoupen\u00e9ho vstupu \u00fa\u010dtujeme 2K\u010d za ka\u017edou zapo\u010datou minutu.<\/p>\n","protected":false},"author":1,"featured_media":0,"parent":0,"menu_order":0,"comment_status":"closed","ping_status":"closed","template":"","meta":[],"_links":{"self":[{"href":"https:\/\/www.bazenradotin.cz\/index.php\/wp-json\/wp\/v2\/pages\/64"}],"collection":[{"href":"https:\/\/www.bazenradotin.cz\/index.php\/wp-json\/wp\/v2\/pages"}],"about":[{"href":"https:\/\/www.bazenradotin.cz\/index.php\/wp-json\/wp\/v2\/types\/page"}],"author":[{"embeddable":true,"href":"https:\/\/www.bazenradotin.cz\/index.php\/wp-json\/wp\/v2\/users\/1"}],"replies":[{"embeddable":true,"href":"https:\/\/www.bazenradotin.cz\/index.php\/wp-json\/wp\/v2\/comments?post=64"}],"version-history":[{"count":12,"href":"https:\/\/www.bazenradotin.cz\/index.php\/wp-json\/wp\/v2\/pages\/64\/revisions"}],"predecessor-version":[{"id":763,"href":"https:\/\/www.bazenradotin.cz\/index.php\/wp-json\/wp\/v2\/pages\/64\/revisions\/763"}],"wp:attachment":[{"href":"https:\/\/www.bazenradotin.cz\/index.php\/wp-json\/wp\/v2\/media?parent=64"}],"curies":[{"name":"wp","href":"https:\/\/api.w.org\/{rel}","templated":true}]}}